{"id":7998,"date":"2026-04-20T09:47:44","date_gmt":"2026-04-20T06:47:44","guid":{"rendered":"https:\/\/izopaga.lt\/produktai\/oras-vanduo-silumos-siurblys-nibe-f2050-vvm225-10-kw\/"},"modified":"2026-04-22T10:22:57","modified_gmt":"2026-04-22T07:22:57","slug":"oras-vanduo-silumos-siurblys-nibe-f2050-vvm225-10-kw","status":"publish","type":"product","link":"https:\/\/izopaga.lt\/en\/produktai\/oras-vanduo-silumos-siurblys-nibe-f2050-vvm225-10-kw\/","title":{"rendered":"Nibe Oras-vanduo \u0161ilumos siurblys NIBE F2050 + VVM225 &#8211; 10 kw"},"content":{"rendered":"<h1 class=\"product_title entry-title\">Nibe Oras-vanduo \u0161ilumos siurblys NIBE F2050 + VVM225<\/h1>\n<p>\u0160ilumos siurblys veikia esant \u017eemai i\u0161or\u0117s temperat\u016brai \u201320\u00b0C ir u\u017etikrina iki 58\u00b0C tiekiamo srauto temperat\u016br\u0105. Veiksminga v\u0117sinimo funkcija leid\u017eia \u0161ilumos siurbliui u\u017etikrinti malon\u0173 patalp\u0173 klimat\u0105 net esant auk\u0161tai i\u0161or\u0117s temperat\u016brai. \u0160ilumos siurblyje taip pat naudojamas aplinkai nekenksmingas \u0161altne\u0161is, kad galima b\u016bt\u0173 suma\u017einti poveik\u012f aplinkai.<br \/>\n<a href=\"https:\/\/www.perkunibe.lt\/wp-content\/uploads\/2023\/11\/CIL-LT-F2050-M13200-1XC_pataisytasCANVA.pdf\">Technin\u0117s specifikacijos lauko modulio NIBE F2050<\/a><\/p>\n<p>NIBE VVM 225 turi i\u0161mani\u0105, draugi\u0161k\u0105 vartotojui valdymo sistem\u0105, kuri u\u017etikrina efektyv\u0173 \u0161ildym\u0105 ir auk\u0161to na\u0161umo kar\u0161to vandens ruo\u0161im\u0105. NIBE VVM 225 yra pilnai paruo\u0161tas montavimui, nes komplekte yra vandens \u0161ildytuvas, papildoma elektrin\u0117 \u0161ildymo sistema, savireguliacinis cirkuliacinis siurblys, pripildymo vo\u017etuvas, manometras, apsauginis vo\u017etuvas ir i\u0161sipl\u0117timo indas.<br \/>\n<a href=\"https:\/\/www.perkunibe.lt\/wp-content\/uploads\/2020\/10\/KBR-LT-Air_Water-2020-visi-produktai-VVM225.pdf\" target=\"_blank\" rel=\"noopener noreferrer\">Technin\u0117s specifikacijos vidaus modulio NIBE VVM225<\/a><\/p>\n<h4>Komplekto savyb\u0117s:<\/h4>\n<ul>\n<li>Kompakti\u0161kas \u0161ilumos siurblys, prisitaikantis prie J\u016bs\u0173 nam\u0173 poreiki\u0173<\/li>\n<li>Didel\u0117 galia net esant \u201320 \u00b0C temperat\u016brai ir veiksminga v\u0117sinimo funkcija<\/li>\n<li>I\u0161mani, vartotojui draugi\u0161ka valdymo sistema<\/li>\n<li>Lengvai valdoma energijos taupymo technologija maksimaliam komfortui<\/li>\n<li><span class=\"OYPEnA text-decoration-none text-strikethrough-none\">Valdymas internetu naudojant NIBE myUplink<\/span><\/li>\n<\/ul>\n<p>&nbsp;<\/p>\n<div class=\"woocommerce-product-details__short-description\"><\/div>","protected":false},"excerpt":{"rendered":"<p><span class=\"OYPEnA text-decoration-none text-strikethrough-none\">NIBE F2050 \u2013 tai i\u0161manus, kompakti\u0161kas ir inverteriu valdomas oras-vanduo \u0161ilumos siurblys su klimatui nekenksmingu \u0161altne\u0161iu. NIBE F2050 optimaliai taupo energij\u0105, nes \u0161ilumos siurblys i\u0161tisus metus automati\u0161kai pritaiko savo gali\u0105 prie J\u016bs\u0173 nam\u0173 poreiki\u0173.\u00a0<\/span><\/p>\n<p><strong>\u012e<\/strong><strong>\u00a0kain\u0105 \u012fskai\u010diuota:<\/strong><\/p>\n<ul>\n<li>Lauko modulis NIBE F2050<\/li>\n<li>Vidaus modulis NIBE VVM225 su integruota kar\u0161to vandens talpa (pagal EN16147 standart\u0105 175 litrai prie vidutinio komforto lygio)<\/li>\n<li>2 met\u0173 gamintojo garantija (suteikiama Lietuvoje eksploatuojamiems produktams)<\/li>\n<li>Pristatymas visoje Lietuvoje<\/li>\n<li>Nuotolinis servisas internetu vis\u0105 \u0161ilumos siurblio eksploatacin\u012f laikotarp\u012f (prijungus siurbl\u012f prie NIBE myUplink)<\/li>\n<\/ul>","protected":false},"featured_media":7974,"template":"","meta":{"om_disable_all_campaigns":false,"_monsterinsights_skip_tracking":false,"_monsterinsights_sitenote_active":false,"_monsterinsights_sitenote_note":"","_monsterinsights_sitenote_category":0},"product_brand":[],"product_cat":[48],"product_tag":[859,885],"class_list":{"0":"post-7998","1":"product","2":"type-product","3":"status-publish","4":"has-post-thumbnail","6":"product_cat-silumos-siurbliai-oras-vanduo","7":"product_tag-nibe-oras-vanduo","8":"product_tag-nibe-oras-vanduo-silumos-siurblys-nibe-f2050-vvm225-10-kw","9":"pa_galingumas-10-kw","11":"first","12":"instock","13":"purchasable","14":"product-type-simple"},"aioseo_notices":[],"_links":{"self":[{"href":"https:\/\/izopaga.lt\/en\/wp-json\/wp\/v2\/product\/7998","targetHints":{"allow":["GET"]}}],"collection":[{"href":"https:\/\/izopaga.lt\/en\/wp-json\/wp\/v2\/product"}],"about":[{"href":"https:\/\/izopaga.lt\/en\/wp-json\/wp\/v2\/types\/product"}],"wp:featuredmedia":[{"embeddable":true,"href":"https:\/\/izopaga.lt\/en\/wp-json\/wp\/v2\/media\/7974"}],"wp:attachment":[{"href":"https:\/\/izopaga.lt\/en\/wp-json\/wp\/v2\/media?parent=7998"}],"wp:term":[{"taxonomy":"product_brand","embeddable":true,"href":"https:\/\/izopaga.lt\/en\/wp-json\/wp\/v2\/product_brand?post=7998"},{"taxonomy":"product_cat","embeddable":true,"href":"https:\/\/izopaga.lt\/en\/wp-json\/wp\/v2\/product_cat?post=7998"},{"taxonomy":"product_tag","embeddable":true,"href":"https:\/\/izopaga.lt\/en\/wp-json\/wp\/v2\/product_tag?post=7998"}],"curies":[{"name":"wp","href":"https:\/\/api.w.org\/{rel}","templated":true}]}}