{"id":8003,"date":"2026-04-20T09:47:45","date_gmt":"2026-04-20T06:47:45","guid":{"rendered":"https:\/\/izopaga.lt\/produktai\/geoterminis-silumos-siurblys-nibe-s1156-pc-8-kw\/"},"modified":"2026-04-22T09:43:36","modified_gmt":"2026-04-22T06:43:36","slug":"geoterminis-silumos-siurblys-nibe-s1156-pc-8-kw","status":"publish","type":"product","link":"https:\/\/izopaga.lt\/en\/produktai\/geoterminis-silumos-siurblys-nibe-s1156-pc-8-kw\/","title":{"rendered":"Nibe Geoterminis \u0161ilumos siurblys gruntas vanduo NIBE S1156 PC &#8211; 8 kw"},"content":{"rendered":"<h1 class=\"product_title entry-title\">Nibe Geoterminis \u0161ilumos siurblys NIBE S1156 PC (8 kw)<\/h1>\n<p>NIBE S1156 sezoninio naudingumo koeficientas siekia iki 5,95 pagal SCOP vertinim\u0105, tod\u0117l tai yra labai efektyvi ir ma\u017eomis eksploatacin\u0117mis s\u0105naudomis pasi\u017eyminti klimato sistema. Prijungus atskir\u0105 bet kokio dyd\u017eio vandens \u0161ildytuv\u0105, itin na\u0161iai u\u017etikrinamas kar\u0161to vandens ruo\u0161imas. Galima \u012fsigyti \u0161io galingumo \u0161ilumos siurbl\u012f: 1,5\u20138 kW. NIBE S1156 PC skleid\u017eia ma\u017eai triuk\u0161mo ir tinka tiek naujoms \u0161ilumos sistemos \u012frengti, tiek esamiems \u0161ilumoms \u0161altiniams pakeisti.<br \/>\nIntegruotu \u201eWi-Fi\u201c ir galimybe prisijungti prie belaid\u017ei\u0173 pried\u0173 i\u0161siskirianti NIBE S serija taps neatsiejama J\u016bs\u0173 nam\u0173 dalimi. Jums visi\u0161kai valdant \u0161ilumos siurbl\u012f savo i\u0161maniajame telefone ar plan\u0161etiniame kompiuteryje, i\u0161manioji technologija reguliuoja patalp\u0173 mikroklimat\u0105<br \/>\nautomati\u0161kai. Didelis komfortas ir ma\u017eos energijos s\u0105naudos tuo pa\u010diu metu tausojant gamt\u0105.<br \/>\n<a href=\"https:\/\/www.perkunibe.lt\/wp-content\/uploads\/2024\/09\/CIL-LT-S1156-PC-M13459-2_master.pdf\">Technin\u0117s specifikacijos NIBE S1156PC<\/a><\/p>\n<h4>Savyb\u0117s:<\/h4>\n<ul>\n<li>Pa\u017eangi inverterin\u0117 technologija ir atskiras vandens \u0161ildytuvas optimaliam pritaikymui<\/li>\n<li>Naujas, klimatui nekenksmingas \u0161altne\u0161is, didel\u0117 kar\u0161to vandens talpa ir ma\u017eas triuk\u0161mo lygis<\/li>\n<li>Patogus naudotojui jutiklinis ekranas, belaid\u017eiai priedai ir integruotas belaidis ry\u0161ys su energij\u0105 taupan\u010dia i\u0161mani\u0105ja technologija dideliam patogumui u\u017etikrinti.<\/li>\n<\/ul>","protected":false},"excerpt":{"rendered":"<p>NIBE S1156 PC \u2013 tai i\u0161manus, inverteriu valdomas geoterminis \u0161ilumos siurblys su integruotu pasyviuoju v\u0117sinimu bei nauju ekologi\u0161kesniu \u0161altne\u0161iu. \u0160ilumos siurbl\u012f lengva \u012frengti netgi patalpose su \u017eemomis lubomis, kadangi kar\u0161to vandens bakas yra atskiras ir pasirenkamas pagal kar\u0161to vandens poreikius. \u0160ilumos siurblys optimaliai taupo energij\u0105, nes automati\u0161kai prisitaiko prie j\u016bs\u0173 nam\u0173 reikalavim\u0173. D\u0117l savo inovatyvios technologijos ir m\u016bs\u0173 ilgamet\u0117s patirties NIBE S1156 yra m\u016bs\u0173 labiausiai energij\u0105 taupantis geoterminis \u0161ilumos siurblys.<\/p>\n<p><strong>\u012e kain\u0105 \u012fskai\u010diuota:<\/strong><\/p>\n<ul>\n<li>Geoterminis \u0161ilumos siurblys NIBE S1156 PC<\/li>\n<li>2 met\u0173 gamintojo garantija (suteikiama Lietuvoje eksploatuojamiems produktams)<\/li>\n<li>Pristatymas visoje Lietuvoje<\/li>\n<li>Nuotolinis servisas internetu vis\u0105 \u0161ilumos siurblio eksploatacin\u012f laikotarp\u012f (prijungus siurbl\u012f \u012f oficiali\u0105 NIBE \u0161ilumos siurbli\u0173 duomen\u0173 baz\u0119)<\/li>\n<\/ul>","protected":false},"featured_media":8004,"template":"","meta":{"om_disable_all_campaigns":false,"_monsterinsights_skip_tracking":false,"_monsterinsights_sitenote_active":false,"_monsterinsights_sitenote_note":"","_monsterinsights_sitenote_category":0},"product_brand":[],"product_cat":[415],"product_tag":[855,857,881,856],"class_list":{"0":"post-8003","1":"product","2":"type-product","3":"status-publish","4":"has-post-thumbnail","6":"product_cat-geoterminiai-gruntas-vanduo","7":"product_tag-geoterminis-gruntas-vanduo-silumos-siurblys-nibe-f1155pc-vpb300r-6kw","8":"product_tag-nibe-geoterminis","9":"product_tag-nibe-geoterminis-silumos-siurblys-gruntas-vanduo-nibe-s1156-pc-8-kw","10":"product_tag-nibe-gruntas-vanduo","11":"pa_galingumas-8-kw","13":"first","14":"instock","15":"purchasable","16":"product-type-simple"},"aioseo_notices":[],"_links":{"self":[{"href":"https:\/\/izopaga.lt\/en\/wp-json\/wp\/v2\/product\/8003","targetHints":{"allow":["GET"]}}],"collection":[{"href":"https:\/\/izopaga.lt\/en\/wp-json\/wp\/v2\/product"}],"about":[{"href":"https:\/\/izopaga.lt\/en\/wp-json\/wp\/v2\/types\/product"}],"wp:featuredmedia":[{"embeddable":true,"href":"https:\/\/izopaga.lt\/en\/wp-json\/wp\/v2\/media\/8004"}],"wp:attachment":[{"href":"https:\/\/izopaga.lt\/en\/wp-json\/wp\/v2\/media?parent=8003"}],"wp:term":[{"taxonomy":"product_brand","embeddable":true,"href":"https:\/\/izopaga.lt\/en\/wp-json\/wp\/v2\/product_brand?post=8003"},{"taxonomy":"product_cat","embeddable":true,"href":"https:\/\/izopaga.lt\/en\/wp-json\/wp\/v2\/product_cat?post=8003"},{"taxonomy":"product_tag","embeddable":true,"href":"https:\/\/izopaga.lt\/en\/wp-json\/wp\/v2\/product_tag?post=8003"}],"curies":[{"name":"wp","href":"https:\/\/api.w.org\/{rel}","templated":true}]}}