{"id":8010,"date":"2026-04-20T09:48:30","date_gmt":"2026-04-20T06:48:30","guid":{"rendered":"https:\/\/izopaga.lt\/produktai\/geoterminis-silumos-siurblys-nibe-s1256-pc-8-kw\/"},"modified":"2026-04-22T09:05:25","modified_gmt":"2026-04-22T06:05:25","slug":"geoterminis-silumos-siurblys-nibe-s1256-pc-8-kw","status":"publish","type":"product","link":"https:\/\/izopaga.lt\/en\/produktai\/geoterminis-silumos-siurblys-nibe-s1256-pc-8-kw\/","title":{"rendered":"Nibe Geoterminis \u0161ilumos siurblys NIBE S1256 PC &#8211; 8 kw"},"content":{"rendered":"<h1 class=\"product_title entry-title\">Nibe Geoterminis \u0161ilumos siurblys NIBE S1256 PC (8 kw)<\/h1>\n<p>NIBE S1256 PC turi auk\u0161t\u0105 sezoninio na\u0161umo koeficient\u0105 SCOP, siekiant\u012f 6,22, tod\u0117l \u0161ilumos siurblys yra labai efektyvus, eksploatavimo i\u0161laidos ma\u017eos, o kar\u0161to vandens paruo\u0161imas \u2013 didelio na\u0161umo. \u0160ilumos siurblys yra vieno dyd\u017eio: 1,5\u20138 kW. NIBE S1256 PC skleid\u017eia ma\u017eai triuk\u0161mo ir tinka tiek naujoms \u0161ilumos sistemos \u012frengti, tiek esamiems \u0161ilumoms \u0161altiniams pakeisti.<br \/>\n<a href=\"https:\/\/www.perkunibe.lt\/wp-content\/uploads\/2024\/09\/CIL-LT-S1256-PC-M13440-2_master.pdf\">Technin\u0117s specifikacijos NIBE S1256PC<\/a><\/p>\n<h4>Savyb\u0117s:<\/h4>\n<ul>\n<li>\u0160ilumos siurblys su integruota kar\u0161to vandens talpa ir v\u0117sinimu<\/li>\n<li>Naujas, klimatui nekenksmingas \u0161altne\u0161is, didel\u0117 kar\u0161to vandens talpa ir ma\u017eas triuk\u0161mo lygis<\/li>\n<li>Patogus naudotojui jutiklinis ekranas, belaid\u017eiai priedai ir integruotas belaidis ry\u0161ys su energij\u0105 taupan\u010dia i\u0161mani\u0105ja technologija dideliam patogumui u\u017etikrinti.<\/li>\n<\/ul>\n<div class=\"woocommerce-product-details__short-description\"><\/div>","protected":false},"excerpt":{"rendered":"<p>NIBE S1256 PC \u2013 tai i\u0161manus, inverteriu valdomas geoterminis \u0161ilumos siurblys su integruotu pasyviuoju v\u0117sinimu ir integruota kar\u0161to vandens talpa bei nauju ekologi\u0161kesniu \u0161altne\u0161iu. NIBE S1256 PC padeda nenaudoti daugiau energijos nei Jums reikia, nes \u0161ilumos siurblys automati\u0161kai prisitaiko prie J\u016bs\u0173 \u0161ilumos poreikio. Ilgamet\u0117s geotermini\u0173 \u0161ilumos siurbli\u0173 ir inovatyvi\u0173 technologij\u0173 patirties d\u0117ka \u2013 tai m\u016bs\u0173 efektyviausias geoterminis \u0161ilumos siurblys.<\/p>\n<p><strong>\u012e kain\u0105 \u012fskai\u010diuota:<\/strong><\/p>\n<ul>\n<li>Geoterminis \u0161ilumos siurblys NIBE S1256 PC su integruota 180l kar\u0161to vandens talpa<\/li>\n<li>2 met\u0173 gamintojo garantija (suteikiama Lietuvoje eksploatuojamiems produktams)<\/li>\n<li>Pristatymas visoje Lietuvoje<\/li>\n<li>Nuotolinis servisas internetu vis\u0105 \u0161ilumos siurblio eksploatacin\u012f laikotarp\u012f (prijungus siurbl\u012f \u012f oficiali\u0105 NIBE \u0161ilumos siurbli\u0173 duomen\u0173 baz\u0119)<\/li>\n<\/ul>","protected":false},"featured_media":8011,"template":"","meta":{"om_disable_all_campaigns":false,"_monsterinsights_skip_tracking":false,"_monsterinsights_sitenote_active":false,"_monsterinsights_sitenote_note":"","_monsterinsights_sitenote_category":0},"product_brand":[],"product_cat":[415],"product_tag":[857,877,856],"class_list":{"0":"post-8010","1":"product","2":"type-product","3":"status-publish","4":"has-post-thumbnail","6":"product_cat-geoterminiai-gruntas-vanduo","7":"product_tag-nibe-geoterminis","8":"product_tag-nibe-geoterminis-silumos-siurblys-nibe-s1256-pc-8-kw","9":"product_tag-nibe-gruntas-vanduo","10":"pa_galingumas-8-kw","12":"first","13":"instock","14":"purchasable","15":"product-type-simple"},"aioseo_notices":[],"_links":{"self":[{"href":"https:\/\/izopaga.lt\/en\/wp-json\/wp\/v2\/product\/8010","targetHints":{"allow":["GET"]}}],"collection":[{"href":"https:\/\/izopaga.lt\/en\/wp-json\/wp\/v2\/product"}],"about":[{"href":"https:\/\/izopaga.lt\/en\/wp-json\/wp\/v2\/types\/product"}],"wp:featuredmedia":[{"embeddable":true,"href":"https:\/\/izopaga.lt\/en\/wp-json\/wp\/v2\/media\/8011"}],"wp:attachment":[{"href":"https:\/\/izopaga.lt\/en\/wp-json\/wp\/v2\/media?parent=8010"}],"wp:term":[{"taxonomy":"product_brand","embeddable":true,"href":"https:\/\/izopaga.lt\/en\/wp-json\/wp\/v2\/product_brand?post=8010"},{"taxonomy":"product_cat","embeddable":true,"href":"https:\/\/izopaga.lt\/en\/wp-json\/wp\/v2\/product_cat?post=8010"},{"taxonomy":"product_tag","embeddable":true,"href":"https:\/\/izopaga.lt\/en\/wp-json\/wp\/v2\/product_tag?post=8010"}],"curies":[{"name":"wp","href":"https:\/\/api.w.org\/{rel}","templated":true}]}}