{"id":8016,"date":"2026-04-20T09:49:19","date_gmt":"2026-04-20T06:49:19","guid":{"rendered":"https:\/\/izopaga.lt\/produktai\/geoterminis-silumos-siurblys-nibe-s1256-18-kw\/"},"modified":"2026-04-22T08:44:28","modified_gmt":"2026-04-22T05:44:28","slug":"geoterminis-silumos-siurblys-nibe-s1256-18-kw","status":"publish","type":"product","link":"https:\/\/izopaga.lt\/en\/produktai\/geoterminis-silumos-siurblys-nibe-s1256-18-kw\/","title":{"rendered":"Nibe Geoterminis \u0161ilumos siurblys gruntas vanduo NIBE S1256 &#8211; 18 kw"},"content":{"rendered":"<h1 class=\"product_title entry-title\">Nibe Geoterminis \u0161ilumos siurblys NIBE S1256<\/h1>\n<p>Geoterminio \u0161ilumos siurblio NIBE S1256 sezoninio naudingumo koeficientas SCOP siekia iki 6,22, tod\u0117l tai yra labai efektyvi, ma\u017eomis eksploatacin\u0117mis s\u0105naudomis pasi\u017eyminti ir kar\u0161t\u0105 vanden\u012f na\u0161iai ruo\u0161ianti klimato sistema. \u0160ilumos siurblys sukurtas iki ma\u017edaug 500 kv. m pastatams ir yra trij\u0173 galingum\u0173: 1,5\u20138 kW, 3\u201313 kW ir 4\u201318 kW. NIBE S1256 skleid\u017eia ma\u017eai triuk\u0161mo ir tinka tiek naujoms \u0161ilumos sistemos \u012frengti, tiek esamiems \u0161ilumoms \u0161altiniams pakeisti.<br \/>\n<a href=\"https:\/\/www.perkunibe.lt\/wp-content\/uploads\/2024\/11\/CIL-LT-S1256-M13203-2-su-COP.pdf\">Technin\u0117s specifikacijos NIBE S1256<\/a><\/p>\n<h4>Savyb\u0117s:<\/h4>\n<ul>\n<li>Optimalus pritaikymas su galimybe rinktis i\u0161 trij\u0173 galingum\u0173 su pirmaujan\u010dia inverterio technologija<\/li>\n<li>M\u016bs\u0173 labiausiai energij\u0105 taupantis geoterminis \u0161ilumos siurblys, kurio sezoninio naudingumo koeficientas yra net 6,22<\/li>\n<li>Klimatui nekenksmingas \u0161altne\u0161is, didel\u0117 kar\u0161to vandens talpa ir ma\u017eas triuk\u0161mo lygis<\/li>\n<li>Patogus naudotojui jutiklinis ekranas, belaid\u017eiai priedai ir integruotas belaidis ry\u0161ys su energij\u0105 taupan\u010dia i\u0161mani\u0105ja technologija dideliam patogumui u\u017etikrinti.<\/li>\n<\/ul>\n<div class=\"woocommerce-product-details__short-description\"><\/div>","protected":false},"excerpt":{"rendered":"<p>NIBE S1256 \u2013 tai i\u0161manus, inverteriu valdomas geoterminis \u0161ilumos siurblys su integruotu vandens \u0161ildytuvu ir aplinkai nekenksmingu \u0161altne\u0161iu. Naudodami S1256 nesunaudosite per daug energijos, nes \u0161ilumos siurblys automati\u0161kai prisitaiko prie J\u016bs\u0173 \u0161ildymo poreiki\u0173. D\u0117l m\u016bs\u0173 ilgamet\u0117s patirties ir inovatyvi\u0173 technologij\u0173 tai yra m\u016bs\u0173 labiausiai energij\u0105 taupantis geoterminis \u0161ilumos siurblys.<\/p>\n<p><strong>\u012e kain\u0105 \u012fskai\u010diuota:<\/strong><\/p>\n<ul>\n<li>Geoterminis \u0161ilumos siurblys NIBE S1256 su integruota 180l kar\u0161to vandens talpa<\/li>\n<li>2 met\u0173 gamintojo garantija (suteikiama Lietuvoje eksploatuojamiems produktams)<\/li>\n<li>Pristatymas visoje Lietuvoje<\/li>\n<li>Nuotolinis servisas internetu vis\u0105 \u0161ilumos siurblio eksploatacin\u012f laikotarp\u012f (prijungus siurbl\u012f \u012f oficiali\u0105 NIBE \u0161ilumos siurbli\u0173 duomen\u0173 baz\u0119)<\/li>\n<\/ul>","protected":false},"featured_media":8013,"template":"","meta":{"om_disable_all_campaigns":false,"_monsterinsights_skip_tracking":false,"_monsterinsights_sitenote_active":false,"_monsterinsights_sitenote_note":"","_monsterinsights_sitenote_category":0},"product_brand":[],"product_cat":[415],"product_tag":[857,873,856],"class_list":{"0":"post-8016","1":"product","2":"type-product","3":"status-publish","4":"has-post-thumbnail","6":"product_cat-geoterminiai-gruntas-vanduo","7":"product_tag-nibe-geoterminis","8":"product_tag-nibe-geoterminis-silumos-siurblys-gruntas-vanduo-nibe-s1256-18-kw","9":"product_tag-nibe-gruntas-vanduo","10":"pa_galingumas-18-kw","12":"first","13":"instock","14":"purchasable","15":"product-type-simple"},"aioseo_notices":[],"_links":{"self":[{"href":"https:\/\/izopaga.lt\/en\/wp-json\/wp\/v2\/product\/8016","targetHints":{"allow":["GET"]}}],"collection":[{"href":"https:\/\/izopaga.lt\/en\/wp-json\/wp\/v2\/product"}],"about":[{"href":"https:\/\/izopaga.lt\/en\/wp-json\/wp\/v2\/types\/product"}],"wp:featuredmedia":[{"embeddable":true,"href":"https:\/\/izopaga.lt\/en\/wp-json\/wp\/v2\/media\/8013"}],"wp:attachment":[{"href":"https:\/\/izopaga.lt\/en\/wp-json\/wp\/v2\/media?parent=8016"}],"wp:term":[{"taxonomy":"product_brand","embeddable":true,"href":"https:\/\/izopaga.lt\/en\/wp-json\/wp\/v2\/product_brand?post=8016"},{"taxonomy":"product_cat","embeddable":true,"href":"https:\/\/izopaga.lt\/en\/wp-json\/wp\/v2\/product_cat?post=8016"},{"taxonomy":"product_tag","embeddable":true,"href":"https:\/\/izopaga.lt\/en\/wp-json\/wp\/v2\/product_tag?post=8016"}],"curies":[{"name":"wp","href":"https:\/\/api.w.org\/{rel}","templated":true}]}}