{"id":8017,"date":"2026-04-20T09:49:19","date_gmt":"2026-04-20T06:49:19","guid":{"rendered":"https:\/\/izopaga.lt\/produktai\/geoterminis-silumos-siurblys-nibe-s1155-6-25-kw\/"},"modified":"2026-04-22T08:49:23","modified_gmt":"2026-04-22T05:49:23","slug":"geoterminis-silumos-siurblys-nibe-s1155-6-25-kw","status":"publish","type":"product","link":"https:\/\/izopaga.lt\/en\/produktai\/geoterminis-silumos-siurblys-nibe-s1155-6-25-kw\/","title":{"rendered":"Nibe Geoterminis \u0161ilumos siurblys gruntas vanduo NIBE S1155 6-25 kW"},"content":{"rendered":"<h1 class=\"product_title entry-title\">Nibe Geoterminis \u0161ilumos siurblys NIBE S1155 (6-25 kW)<\/h1>\n<p>NIBE S1155 geoterminis \u0161ilumos siurblys pats automati\u0161kai pristaiko prie namo \u0161ilumos poreikio. Tai u\u017etikrina maksimal\u0173 taupym\u0105, nes \u0161ilumos siurblys i\u0161tisus metus dirba optimaliausiu re\u017eimu be papildomos energijos naudojimo piko metu. NIBE yra lyderis inverteri\u0173 technologij\u0173 srityje, turintis ilgamet\u0119 patirt\u012f kintamos galios geotermini\u0173 \u0161ilumos siurbli\u0173 gamyboje ir vien\u0105 i\u0161 pla\u010diausi\u0173 gamini\u0173 asortiment\u0173 rinkoje.<br \/>\nNIBE S1155 pasi\u017eymi auk\u0161tu sezoninio efektyvumo koeficientu, kas lemia ma\u017eiausias eksploatacines s\u0105naudas. Tinkamas tiek gyvenamuose, tiek komerciniuose pastatuose. Galingumas 6-25 kW.<br \/>\nSu integruotu bevieliu ry\u0161iu Wi-Fi S serijos \u012frenginys yra \u012fprasta J\u016bs\u0173 i\u0161mani\u0173 nam\u0173 dalis. Jums visi\u0161kai valdant \u0161ilumos siurbl\u012f savo telefone ar plan\u0161etiniame kompiuteryje, i\u0161manioji technologija automati\u0161kai koreguoja patalp\u0173 klimat\u0105. Maksimalus komfortas ir minimalios energijos s\u0105naudos, tuo pa\u010diu metu tausojant gamt\u0105.<br \/>\n<a href=\"https:\/\/www.perkunibe.lt\/wp-content\/uploads\/2024\/09\/S1155-25-kw-EN-brosiura.pdf\">Technin\u0117s specifikacijos NIBE S1155<\/a><\/p>\n<h4>Savyb\u0117s:<\/h4>\n<ul>\n<li>Optimalus pritaikymas su inverterio technologija ir atskira vandens talpa.<\/li>\n<li>Trij\u0173 galingum\u0173 su auk\u0161tu sezoninio efektyvumo koeficientu ma\u017eiausioms eksploatacin\u0117ms s\u0105naudoms.<\/li>\n<li>Vartotojui draugi\u0161kas valdymas su \u012fdiegtu Wi-Fi ry\u0161iu ir i\u0161mani energijos taupymo technologija maksimaliam komfortui pasiekti.<\/li>\n<\/ul>\n<p>&nbsp;<\/p>","protected":false},"excerpt":{"rendered":"<p>NIBE S1155 yra \u0161iuolaiki\u0161kas, i\u0161manus, inverteriu valdomas geoterminis \u0161ilumos siurblys be integruoto vandens \u0161ildytuvo, tod\u0117l puikiai tinkantis montuoti \u017eemesni\u0173 lub\u0173 patalpoje. Atskira kar\u0161to vandens talpa parenkama atsi\u017evelgiant \u012f kar\u0161to vandens poreikius.<\/p>\n<p><strong>\u012e kain\u0105 \u012fskai\u010diuota:<\/strong><\/p>\n<ul>\n<li>Geoterminis \u0161ilumos siurblys NIBE S1155<\/li>\n<li>2 met\u0173 gamintojo garantija (suteikiama Lietuvoje eksploatuojamiems produktams)<\/li>\n<li>Pristatymas visoje Lietuvoje<\/li>\n<li>Nuotolinis servisas internetu vis\u0105 \u0161ilumos siurblio eksploatacin\u012f laikotarp\u012f (prijungus siurbl\u012f \u012f oficiali\u0105 NIBE \u0161ilumos siurbli\u0173 duomen\u0173 baz\u0119)<\/li>\n<\/ul>","protected":false},"featured_media":7878,"template":"","meta":{"om_disable_all_campaigns":false,"_monsterinsights_skip_tracking":false,"_monsterinsights_sitenote_active":false,"_monsterinsights_sitenote_note":"","_monsterinsights_sitenote_category":0},"product_brand":[],"product_cat":[415],"product_tag":[857,874,856],"class_list":{"0":"post-8017","1":"product","2":"type-product","3":"status-publish","4":"has-post-thumbnail","6":"product_cat-geoterminiai-gruntas-vanduo","7":"product_tag-nibe-geoterminis","8":"product_tag-nibe-geoterminis-silumos-siurblys-gruntas-vanduo-nibe-s1155-6-25-kw","9":"product_tag-nibe-gruntas-vanduo","10":"pa_galingumas-6-25-kw","12":"first","13":"instock","14":"purchasable","15":"product-type-simple"},"aioseo_notices":[],"_links":{"self":[{"href":"https:\/\/izopaga.lt\/en\/wp-json\/wp\/v2\/product\/8017","targetHints":{"allow":["GET"]}}],"collection":[{"href":"https:\/\/izopaga.lt\/en\/wp-json\/wp\/v2\/product"}],"about":[{"href":"https:\/\/izopaga.lt\/en\/wp-json\/wp\/v2\/types\/product"}],"wp:featuredmedia":[{"embeddable":true,"href":"https:\/\/izopaga.lt\/en\/wp-json\/wp\/v2\/media\/7878"}],"wp:attachment":[{"href":"https:\/\/izopaga.lt\/en\/wp-json\/wp\/v2\/media?parent=8017"}],"wp:term":[{"taxonomy":"product_brand","embeddable":true,"href":"https:\/\/izopaga.lt\/en\/wp-json\/wp\/v2\/product_brand?post=8017"},{"taxonomy":"product_cat","embeddable":true,"href":"https:\/\/izopaga.lt\/en\/wp-json\/wp\/v2\/product_cat?post=8017"},{"taxonomy":"product_tag","embeddable":true,"href":"https:\/\/izopaga.lt\/en\/wp-json\/wp\/v2\/product_tag?post=8017"}],"curies":[{"name":"wp","href":"https:\/\/api.w.org\/{rel}","templated":true}]}}