{"id":8024,"date":"2026-04-20T09:49:47","date_gmt":"2026-04-20T06:49:47","guid":{"rendered":"https:\/\/izopaga.lt\/produktai\/geoterminis-silumos-siurblys-nibe-f1145-10-kw\/"},"modified":"2026-04-21T14:57:56","modified_gmt":"2026-04-21T11:57:56","slug":"geoterminis-silumos-siurblys-nibe-f1145-10-kw","status":"publish","type":"product","link":"https:\/\/izopaga.lt\/en\/produktai\/geoterminis-silumos-siurblys-nibe-f1145-10-kw\/","title":{"rendered":"Nibe Geoterminis \u0161ilumos siurblys gruntas vanduo NIBE F1145 &#8211; 10 kw"},"content":{"rendered":"<h1 class=\"product_title entry-title\">Nibe Geoterminis \u0161ilumos siurblys NIBE F1145<\/h1>\n<p>I\u0161manios technologijos d\u0117ka \u0161ilumos siurblys leid\u017eia valdyti energijos suvartojim\u0105 ir yra vienas svarbiausi\u0173 J\u016bs\u0173 i\u0161mani\u0173 nam\u0173 element\u0173. Efektyvi valdymo sistema automati\u0161kai sureguliuoja vidaus klimat\u0105, kad b\u016bt\u0173 maksimalus komfortas ir tuo pa\u010diu metu J\u016bs tausojate gamt\u0105.<\/p>\n<p><a href=\"https:\/\/www.perkunibe.lt\/wp-content\/uploads\/2025\/04\/NIBE-F1145.pdf\">Technin\u0117s specifikacijos NIBE F1145<\/a><\/p>\n<h4>Savyb\u0117s:<\/h4>\n<ul>\n<li>Efektyvus, lengvai montuojamas, su atskira vandens talpa.<\/li>\n<li>Auk\u0161tas sezoninio efektyvumo koeficientas.<\/li>\n<li>Vartotojui draugi\u0161kas valdymas ir i\u0161mani energijos taupymo technologija maksimaliam komfortui pasiekti.<\/li>\n<\/ul>","protected":false},"excerpt":{"rendered":"<p>NIBE F1145 yra \u0161iuolaiki\u0161kas, efektyvus geoterminis \u0161ilumos siurblys be integruoto vandens \u0161ildytuvo, tod\u0117l puikiai tinkantis montuoti \u017eemesni\u0173 lub\u0173 patalpoje. Atskira kar\u0161to vandens talpa parenkama atsi\u017evelgiant \u012f kar\u0161to vandens poreikius. NIBE F1145 pasi\u017eymi auk\u0161tu sezoninio efektyvumo<br \/>\nkoeficientu, kas lemia ma\u017eiausias eksploatacines s\u0105naudas. Tinkamas tiek gyvenamuose, tiek komerciniuose pastatuose. Galima rinktis i\u0161 net septyni\u0173 galingum\u0173: 5, 6, 8, 10, 12, 15 ir 17 kW.<\/p>\n<p><strong>\u012e kain\u0105 \u012fskai\u010diuota:<\/strong><\/p>\n<ul>\n<li>Geoterminis \u0161ilumos siurblys NIBE F1145<\/li>\n<li>2 met\u0173 gamintojo garantija (suteikiama Lietuvoje eksploatuojamiems produktams)<\/li>\n<li>Pristatymas visoje Lietuvoje<\/li>\n<li>Nuotolinis servisas internetu vis\u0105 \u0161ilumos siurblio eksploatacin\u012f laikotarp\u012f (prijungus siurbl\u012f \u012f oficiali\u0105 NIBE \u0161ilumos siurbli\u0173 duomen\u0173 baz\u0119)<\/li>\n<\/ul>","protected":false},"featured_media":8021,"template":"","meta":{"om_disable_all_campaigns":false,"_monsterinsights_skip_tracking":false,"_monsterinsights_sitenote_active":false,"_monsterinsights_sitenote_note":"","_monsterinsights_sitenote_category":0},"product_brand":[],"product_cat":[415],"product_tag":[857,868,856],"class_list":{"0":"post-8024","1":"product","2":"type-product","3":"status-publish","4":"has-post-thumbnail","6":"product_cat-geoterminiai-gruntas-vanduo","7":"product_tag-nibe-geoterminis","8":"product_tag-nibe-geoterminis-silumos-siurblys-gruntas-vanduo-nibe-f1145-10-kw","9":"product_tag-nibe-gruntas-vanduo","10":"pa_galingumas-10-kw","12":"first","13":"instock","14":"sale","15":"purchasable","16":"product-type-simple"},"aioseo_notices":[],"_links":{"self":[{"href":"https:\/\/izopaga.lt\/en\/wp-json\/wp\/v2\/product\/8024","targetHints":{"allow":["GET"]}}],"collection":[{"href":"https:\/\/izopaga.lt\/en\/wp-json\/wp\/v2\/product"}],"about":[{"href":"https:\/\/izopaga.lt\/en\/wp-json\/wp\/v2\/types\/product"}],"wp:featuredmedia":[{"embeddable":true,"href":"https:\/\/izopaga.lt\/en\/wp-json\/wp\/v2\/media\/8021"}],"wp:attachment":[{"href":"https:\/\/izopaga.lt\/en\/wp-json\/wp\/v2\/media?parent=8024"}],"wp:term":[{"taxonomy":"product_brand","embeddable":true,"href":"https:\/\/izopaga.lt\/en\/wp-json\/wp\/v2\/product_brand?post=8024"},{"taxonomy":"product_cat","embeddable":true,"href":"https:\/\/izopaga.lt\/en\/wp-json\/wp\/v2\/product_cat?post=8024"},{"taxonomy":"product_tag","embeddable":true,"href":"https:\/\/izopaga.lt\/en\/wp-json\/wp\/v2\/product_tag?post=8024"}],"curies":[{"name":"wp","href":"https:\/\/api.w.org\/{rel}","templated":true}]}}