{"id":8028,"date":"2026-04-20T09:49:49","date_gmt":"2026-04-20T06:49:49","guid":{"rendered":"https:\/\/izopaga.lt\/produktai\/geoterminis-silumos-siurblys-nibe-f1155pc-vpb300r-6kw\/"},"modified":"2026-04-21T13:52:33","modified_gmt":"2026-04-21T10:52:33","slug":"geoterminis-silumos-siurblys-nibe-f1155pc-vpb300r-6kw","status":"publish","type":"product","link":"https:\/\/izopaga.lt\/en\/produktai\/geoterminis-silumos-siurblys-nibe-f1155pc-vpb300r-6kw\/","title":{"rendered":"Geoterminis gruntas vanduo \u0161ilumos siurblys NIBE F1155PC + VPB300R 6kw"},"content":{"rendered":"<p>I\u0161manioji gaminio technologija leid\u017eia kontroliuoti suvartojam\u0105 energijos kiek\u012f ir yra svarbi J\u016bs\u0173 nam\u0173 dalis. Veiksminga valdymo sistema automati\u0161kai sureguliuoja patalp\u0173 or\u0105 did\u017eiausiam komforto lygiui u\u017etikrinti. \u0160ilumos siurblio darb\u0105 galima steb\u0117ti bei keisti parametrus nuotoliu, per NIBE myUplink program\u0117l\u0119.<br \/>\n<a href=\"https:\/\/www.perkunibe.lt\/wp-content\/uploads\/2025\/05\/F1155PC.pdf\">Technin\u0117s specifikacijos NIBE F1155 PC<\/a><\/p>\n<p>nVPB 300R yra kar\u0161to vandens talpa, skirta prijungti prie \u0161ilumos siurblio. NIBE VPB ir geoterminis \u0161ilumos siurblys NIBE F1155 turi individual\u0173 dizain\u0105, suteikiant\u012f stiling\u0105 sistemos sprendim\u0105 su galimybe tarp gamini\u0173 \u012frengti pasl\u0117ptus vamzdynus. NIBE VPB izoliacija pagaminta i\u0161 poliuretano, kuri u\u017etikrina labai ger\u0105 \u0161ilumos izoliacij\u0105.<br \/>\n<a href=\"https:\/\/www.perkunibe.lt\/wp-content\/uploads\/2025\/05\/NIBE-VPB300-EN.pdf\">Technin\u0117s specifikacijos NIBE VPB 300R<\/a><\/p>\n<h4>Savyb\u0117s:<\/h4>\n<ul>\n<li style=\"list-style-type: none;\">\n<ul>\n<li>Efektyvus, lengvai montuojamas \u0161ilumos siurblys, su atskira vandens talpa.<\/li>\n<\/ul>\n<\/li>\n<\/ul>\n<ul>\n<li style=\"list-style-type: none;\">\n<ul>\n<li>Auk\u0161tas sezoninio efektyvumo koeficientas.<\/li>\n<li>Minimal\u016bs \u0161ilumos nuostoliai su poliuretano izoliacija.<\/li>\n<\/ul>\n<\/li>\n<\/ul>\n<ul>\n<li style=\"list-style-type: none;\">\n<ul>\n<li>Vartotojui draugi\u0161kas valdymas ir i\u0161mani energijos taupymo technologija maksimaliam komfortui pasiekti.<\/li>\n<\/ul>\n<\/li>\n<\/ul>","protected":false},"excerpt":{"rendered":"<p>NIBE F1155 PC \u2013 tai i\u0161manus, inverteriu valdomas geoterminis \u0161ilumos siurblys su integruotu pasyviuoju v\u0117sinimu. \u0160ilumos siurbl\u012f lengva \u012frengti netgi patalpose su \u017eemomis lubomis, kadangi kar\u0161to vandens talpa yra atskira ir pasirenkama pagal kar\u0161to vandens poreikius. NIBE F1155 PC optimaliai taupo energij\u0105, nes \u0161ilumos siurblys automati\u0161kai pritaiko savo gali\u0105 prie J\u016bs\u0173 nam\u0173 poreiki\u0173. NIBE yra viena i\u0161 pirmaujan\u010di\u0173 \u012fmoni\u0173 inverteri\u0173 technologijos srityje, turinti daugyb\u0119 met\u0173 patirties \u012fvairios galios geotermini\u0173 siurbli\u0173 gamyboje ir vien\u0105 pla\u010diausi\u0173 asortiment\u0173 rinkoje.<br \/>\nNIBE F1155 PC turi auk\u0161t\u0105 sezoninio naudingumo koeficient\u0105, kuris lemia minimalias eksploatacines s\u0105naudas.<br \/>\n\u0160ilumos siurblio galia: 1,5\u20136 kW.<\/p>\n<p><strong>\u012e kain\u0105 \u012fskai\u010diuota:<\/strong><\/p>\n<ul>\n<li style=\"list-style-type: none;\">\n<ul>\n<li>Geoterminis \u0161ilumos siurblys NIBE F1155 PC<\/li>\n<\/ul>\n<\/li>\n<\/ul>\n<p>&nbsp;<\/p>\n<ul>\n<li style=\"list-style-type: none;\">\n<ul>\n<li>Ner\u016bdijan\u010dio plieno vandens \u0161ildytuvas VPB300R<\/li>\n<\/ul>\n<\/li>\n<\/ul>\n<p>&nbsp;<\/p>\n<ul>\n<li style=\"list-style-type: none;\">\n<ul>\n<li>2 met\u0173 gamintojo garantija (suteikiama Lietuvoje eksploatuojamiems produktams)<\/li>\n<\/ul>\n<\/li>\n<\/ul>\n<p>&nbsp;<\/p>\n<ul>\n<li style=\"list-style-type: none;\">\n<ul>\n<li>Pristatymas visoje Lietuvoje<\/li>\n<\/ul>\n<\/li>\n<\/ul>\n<p>&nbsp;<\/p>\n<ul>\n<li style=\"list-style-type: none;\">\n<ul>\n<li>Nuotolinis servisas internetu vis\u0105 \u0161ilumos siurblio eksploatacin\u012f laikotarp\u012f (prijungus siurbl\u012f \u012f oficiali\u0105 NIBE \u0161ilumos siurbli\u0173 duomen\u0173 baz\u0119)<\/li>\n<\/ul>\n<\/li>\n<\/ul>\n<p>&nbsp;<\/p>","protected":false},"featured_media":8029,"template":"","meta":{"om_disable_all_campaigns":false,"_monsterinsights_skip_tracking":false,"_monsterinsights_sitenote_active":false,"_monsterinsights_sitenote_note":"","_monsterinsights_sitenote_category":0},"product_brand":[852],"product_cat":[415],"product_tag":[855,857,856],"class_list":{"0":"post-8028","1":"product","2":"type-product","3":"status-publish","4":"has-post-thumbnail","6":"product_brand-nibe","7":"product_cat-geoterminiai-gruntas-vanduo","8":"product_tag-geoterminis-gruntas-vanduo-silumos-siurblys-nibe-f1155pc-vpb300r-6kw","9":"product_tag-nibe-geoterminis","10":"product_tag-nibe-gruntas-vanduo","11":"pa_galingumas-10-kw-12-kw-15-kw-17-kw-6-kw-8-kw","13":"first","14":"instock","15":"purchasable","16":"product-type-simple"},"aioseo_notices":[],"_links":{"self":[{"href":"https:\/\/izopaga.lt\/en\/wp-json\/wp\/v2\/product\/8028","targetHints":{"allow":["GET"]}}],"collection":[{"href":"https:\/\/izopaga.lt\/en\/wp-json\/wp\/v2\/product"}],"about":[{"href":"https:\/\/izopaga.lt\/en\/wp-json\/wp\/v2\/types\/product"}],"wp:featuredmedia":[{"embeddable":true,"href":"https:\/\/izopaga.lt\/en\/wp-json\/wp\/v2\/media\/8029"}],"wp:attachment":[{"href":"https:\/\/izopaga.lt\/en\/wp-json\/wp\/v2\/media?parent=8028"}],"wp:term":[{"taxonomy":"product_brand","embeddable":true,"href":"https:\/\/izopaga.lt\/en\/wp-json\/wp\/v2\/product_brand?post=8028"},{"taxonomy":"product_cat","embeddable":true,"href":"https:\/\/izopaga.lt\/en\/wp-json\/wp\/v2\/product_cat?post=8028"},{"taxonomy":"product_tag","embeddable":true,"href":"https:\/\/izopaga.lt\/en\/wp-json\/wp\/v2\/product_tag?post=8028"}],"curies":[{"name":"wp","href":"https:\/\/api.w.org\/{rel}","templated":true}]}}