{"id":8035,"date":"2026-04-20T09:50:16","date_gmt":"2026-04-20T06:50:16","guid":{"rendered":"https:\/\/izopaga.lt\/produktai\/oras-vanduo-silumos-siurblys-nibe-f2050vvm-s320-12-kw\/"},"modified":"2026-04-21T11:41:23","modified_gmt":"2026-04-21T08:41:23","slug":"oras-vanduo-silumos-siurblys-nibe-f2050vvm-s320-12-kw","status":"publish","type":"product","link":"https:\/\/izopaga.lt\/en\/produktai\/oras-vanduo-silumos-siurblys-nibe-f2050vvm-s320-12-kw\/","title":{"rendered":"Nibe Oras-vanduo \u0161ilumos siurblys NIBE F2050+VVM S320 &#8211; 12 kw"},"content":{"rendered":"<h1 class=\"product_title entry-title\">Oras-vanduo \u0161ilumos siurblys NIBE F2050+VVM S320<\/h1>\n<p>\u0160ilumos siurblys veikia esant \u017eemai i\u0161or\u0117s temperat\u016brai \u201320\u00b0C ir u\u017etikrina iki 58\u00b0C tiekiamo srauto temperat\u016br\u0105. Veiksminga v\u0117sinimo funkcija leid\u017eia \u0161ilumos siurbliui u\u017etikrinti malon\u0173 patalp\u0173 klimat\u0105 net esant auk\u0161tai i\u0161or\u0117s temperat\u016brai. \u0160ilumos siurblyje taip pat naudojamas aplinkai nekenksmingas \u0161altne\u0161is, kad galima b\u016bt\u0173 suma\u017einti poveik\u012f aplinkai.<br \/>\n<a href=\"https:\/\/www.perkunibe.lt\/wp-content\/uploads\/2023\/11\/CIL-LT-F2050-M13200-1XC_pataisytasCANVA.pdf\">Technin\u0117s specifikacijos lauko modulio NIBE F2050<\/a><\/p>\n<p>NIBE VVM S320 vidaus modulis turi i\u0161mani\u0105 ir patogi\u0105 valdymo sistem\u0105, u\u017etikrinan\u010di\u0105 efektyv\u0173 \u0161ildym\u0105 \/ v\u0117sinim\u0105 ir kar\u0161to vandens ruo\u0161im\u0105. NIBE VVM S320 yra paprasta montuoti, nes komplekte yra vandens \u0161ildytuvas, papildoma elektrin\u0117 \u0161ildymo sistema, savireguliacinis cirkuliacinis siurblys, pripildymo vo\u017etuvas, manometras, apsauginis vo\u017etuvas ir i\u0161sipl\u0117timo indas \u2013 kitaip sakant, yra viskas, ko reikia \u012fprastam montavimui.<br \/>\n<a href=\"https:\/\/www.perkunibe.lt\/wp-content\/uploads\/2020\/10\/KBR-LT-Air_Water-2020-visi-produktai-VVMS320.pdf\" target=\"_blank\" rel=\"noopener noreferrer\">Technin\u0117s specifikacijos vidaus modulio NIBE VVMS320<\/a><\/p>\n<h4>Komplekto savyb\u0117s:<\/h4>\n<ul>\n<li>Kompakti\u0161kas \u0161ilumos siurblys, prisitaikantis prie J\u016bs\u0173 nam\u0173 poreiki\u0173<\/li>\n<li>Didel\u0117 galia net esant \u201320 \u00b0C temperat\u016brai ir veiksminga v\u0117sinimo funkcija<\/li>\n<li>I\u0161mani, vartotojui draugi\u0161ka valdymo sistema<\/li>\n<li>Integruotas bevielis ry\u0161ys, lie\u010diamas ekranas<\/li>\n<li>Lengvai valdoma energijos taupymo technologija maksimaliam komfortui<\/li>\n<li><span class=\"OYPEnA text-decoration-none text-strikethrough-none\">Valdymas internetu naudojant NIBE myUplink<\/span><\/li>\n<\/ul>","protected":false},"excerpt":{"rendered":"<p>\u0160ilumos siurblys veikia esant \u017eemai i\u0161or\u0117s temperat\u016brai \u201320\u00b0C ir u\u017etikrina iki 58\u00b0C tiekiamo srauto temperat\u016br\u0105. Veiksminga v\u0117sinimo funkcija leid\u017eia \u0161ilumos siurbliui u\u017etikrinti malon\u0173 patalp\u0173 klimat\u0105 net esant auk\u0161tai i\u0161or\u0117s temperat\u016brai. \u0160ilumos siurblyje taip pat naudojamas aplinkai nekenksmingas \u0161altne\u0161is, kad galima b\u016bt\u0173 suma\u017einti poveik\u012f aplinkai.<br \/>\n<a href=\"https:\/\/www.perkunibe.lt\/wp-content\/uploads\/2023\/11\/CIL-LT-F2050-M13200-1XC_pataisytasCANVA.pdf\">Technin\u0117s specifikacijos lauko modulio NIBE F2050<\/a><\/p>\n<p>NIBE VVM S320 vidaus modulis turi i\u0161mani\u0105 ir patogi\u0105 valdymo sistem\u0105, u\u017etikrinan\u010di\u0105 efektyv\u0173 \u0161ildym\u0105 \/ v\u0117sinim\u0105 ir kar\u0161to vandens ruo\u0161im\u0105. NIBE VVM S320 yra paprasta montuoti, nes komplekte yra vandens \u0161ildytuvas, papildoma elektrin\u0117 \u0161ildymo sistema, savireguliacinis cirkuliacinis siurblys, pripildymo vo\u017etuvas, manometras, apsauginis vo\u017etuvas ir i\u0161sipl\u0117timo indas \u2013 kitaip sakant, yra viskas, ko reikia \u012fprastam montavimui.<br \/>\n<a href=\"https:\/\/www.perkunibe.lt\/wp-content\/uploads\/2020\/10\/KBR-LT-Air_Water-2020-visi-produktai-VVMS320.pdf\" target=\"_blank\" rel=\"noopener noreferrer\">Technin\u0117s specifikacijos vidaus modulio NIBE VVMS320<\/a><\/p>\n<h4>Komplekto savyb\u0117s:<\/h4>\n<ul>\n<li>Kompakti\u0161kas \u0161ilumos siurblys, prisitaikantis prie J\u016bs\u0173 nam\u0173 poreiki\u0173<\/li>\n<li>Didel\u0117 galia net esant \u201320 \u00b0C temperat\u016brai ir veiksminga v\u0117sinimo funkcija<\/li>\n<li>I\u0161mani, vartotojui draugi\u0161ka valdymo sistema<\/li>\n<li>Integruotas bevielis ry\u0161ys, lie\u010diamas ekranas<\/li>\n<li>Lengvai valdoma energijos taupymo technologija maksimaliam komfortui<\/li>\n<li><span class=\"OYPEnA text-decoration-none text-strikethrough-none\">Valdymas internetu naudojant NIBE myUplink<\/span><\/li>\n<\/ul>","protected":false},"featured_media":7977,"template":"","meta":{"om_disable_all_campaigns":false,"_monsterinsights_skip_tracking":false,"_monsterinsights_sitenote_active":false,"_monsterinsights_sitenote_note":"","_monsterinsights_sitenote_category":0},"product_brand":[],"product_cat":[48],"product_tag":[859,860],"class_list":{"0":"post-8035","1":"product","2":"type-product","3":"status-publish","4":"has-post-thumbnail","6":"product_cat-silumos-siurbliai-oras-vanduo","7":"product_tag-nibe-oras-vanduo","8":"product_tag-nibe-oras-vanduo-silumos-siurblys-nibe-f2050vvm-s320-12-kw","9":"pa_galingumas-12-kw","11":"first","12":"instock","13":"purchasable","14":"product-type-simple"},"aioseo_notices":[],"_links":{"self":[{"href":"https:\/\/izopaga.lt\/en\/wp-json\/wp\/v2\/product\/8035","targetHints":{"allow":["GET"]}}],"collection":[{"href":"https:\/\/izopaga.lt\/en\/wp-json\/wp\/v2\/product"}],"about":[{"href":"https:\/\/izopaga.lt\/en\/wp-json\/wp\/v2\/types\/product"}],"wp:featuredmedia":[{"embeddable":true,"href":"https:\/\/izopaga.lt\/en\/wp-json\/wp\/v2\/media\/7977"}],"wp:attachment":[{"href":"https:\/\/izopaga.lt\/en\/wp-json\/wp\/v2\/media?parent=8035"}],"wp:term":[{"taxonomy":"product_brand","embeddable":true,"href":"https:\/\/izopaga.lt\/en\/wp-json\/wp\/v2\/product_brand?post=8035"},{"taxonomy":"product_cat","embeddable":true,"href":"https:\/\/izopaga.lt\/en\/wp-json\/wp\/v2\/product_cat?post=8035"},{"taxonomy":"product_tag","embeddable":true,"href":"https:\/\/izopaga.lt\/en\/wp-json\/wp\/v2\/product_tag?post=8035"}],"curies":[{"name":"wp","href":"https:\/\/api.w.org\/{rel}","templated":true}]}}