{"id":8052,"date":"2026-04-23T09:20:48","date_gmt":"2026-04-23T06:20:48","guid":{"rendered":"https:\/\/izopaga.lt\/?post_type=product&#038;p=8052"},"modified":"2026-04-23T09:25:48","modified_gmt":"2026-04-23T06:25:48","slug":"nordis-galaxy-oro-kondicionierius-silumos-siurblys-oras-oras-g12tc1-3-6kw","status":"publish","type":"product","link":"https:\/\/izopaga.lt\/en\/produktai\/nordis-galaxy-oro-kondicionierius-silumos-siurblys-oras-oras-g12tc1-3-6kw\/","title":{"rendered":"N\u00d8RDIS Galaxy oro kondicionierius \u0161ilumos siurblys oras-oras G12TC1 3.6kW"},"content":{"rendered":"<h1 class=\"product_title entry-title wd-entities-title\">\u0160ilumos siurblys oras oras Nordis GALAXY G12TC1 3.6 kW<\/h1>\n<p>Inovatyvios technologijos, i\u0161manus dirbtinio intelekto energijos taupymas ir pa\u017eangus oro srauto valdymas u\u017etikrina komforti\u0161k\u0105 aplink\u0105 j\u016bs\u0173 namuose ar biure bet kuriuo met\u0173 laiku. Veikimas esant iki \u201330 \u00b0C temperat\u016brai leid\u017eia m\u0117gautis \u0161iluma ir gaiva visus metus.<\/p>\n<p>N\u00d8RDIS Galaxy \u201eSplit\u201c tipo inverterinis oro kondicionierius skirtas gyvenam\u0173j\u0173 pastat\u0173 ir priva\u010di\u0173 nam\u0173 v\u0117sinimui bei \u0161ildymui, ta\u010diau gali b\u016bti \u012frengtas ir biuruose.<\/p>\n<p>Savyb\u0117s:<br \/>\n\u2022 Inverterinis kompresorius efektyviai veikia nuo \u201330 \u00b0C iki +53 \u00b0C temperat\u016bros.<br \/>\n\u2022 Auk\u0161ta energinio efektyvumo klas\u0117 \u2013 A+++\/A+++.<br \/>\n\u2022 Vidinio bloko panel\u0117s si\u016blomos dviej\u0173 spalv\u0173 \u2013 blizgios juodos ir blizgios baltos.<br \/>\n\u2022 Dirbtinio intelekto energijos taupymo technologija.<br \/>\n\u2022 Pakeliami vidinio bloko \u0161oniniai dangteliai patogiam aromato \u012fd\u0117jimui.<br \/>\n\u2022 3D oro \u012fsiurbimas u\u017etikrina tolyg\u0173 mikroklimat\u0105 visoje patalpoje.<br \/>\n\u2022 Smart Air Flow Plus technologija \u2013 pa\u017eangi oro cirkuliacijos sistema su dvigubomis, pla\u010dios amplitud\u0117s sklend\u0117mis, kurios v\u0117sinimo re\u017eimu sukuria \u201edu\u0161o\u201c, o \u0161ildymo re\u017eimu \u2013 \u201eantklod\u0117s\u201c tipo oro sraut\u0105.<br \/>\n\u2022V\u0117sinimas be tiesioginio oro srauto<br \/>\n\u2022 Greitas v\u0117sinimas per 30 sekund\u017ei\u0173 ir \u0161ildymas per 60 sekund\u017ei\u0173.<br \/>\n\u2022 Integruotas \u201eWi-Fi\u201c modulis leid\u017eia valdyti oro kondicionieri\u0173 i\u0161maniuoju telefonu.<br \/>\n\u2022 Integruota B.I.G. Care+ technologija aktyviai valo or\u0105 nuo dulki\u0173, bakterij\u0173 ir alergen\u0173, padeda sukurti sveikesn\u0119 patalp\u0173 aplink\u0105.<br \/>\n\u2022 I FEEL funkcija leid\u017eia i\u0161maniai reguliuoti temperat\u016br\u0105 ir palaikyti maloni\u0105 aplink\u0105.<br \/>\n\u2022 +8 \u00b0C funkcija palaiko pastovi\u0105 temperat\u016br\u0105 patalpose, kuriose niekas negyvena.<br \/>\n\u2022 Lengvas montavimas, prie\u017ei\u016bra ir integracija \u012f pastato valdymo sistemas (BMS).<br \/>\n\u2022 8 grei\u010di\u0173 ventiliatorius leid\u017eia pasirinkti tinkamiausi\u0105 oro srauto intensyvum\u0105.<br \/>\n\u2022 Integruotas elektroninis termostatinis i\u0161sipl\u0117timo vo\u017etuvas.<\/p>\n<table>\n<tbody>\n<tr>\n<td>Modelis<\/td>\n<td>G12TC1(B)<\/td>\n<\/tr>\n<tr>\n<td>Galia nom. (min.\u2013maks.), v\u0117sinant, kW<\/td>\n<td>3.58 (1.00~4.00)<\/td>\n<\/tr>\n<tr>\n<td>Galia nom. (min.\u2013maks.), \u0161ildant, kW<\/td>\n<td>3.90 (1.00~4.50)<\/td>\n<\/tr>\n<tr>\n<td>Elektrin\u0117 galia nom. (min.\u2013maks.), v\u0117sinant, kW<\/td>\n<td>0.79 (0.29~1.50)<\/td>\n<\/tr>\n<tr>\n<td>Elektrin\u0117 galia nom. (min.\u2013maks.), \u0161ildant, kW<\/td>\n<td>0.94 (0.29~1.83)<\/td>\n<\/tr>\n<tr>\n<td>Sezoninis naudingo veikimo koeficientas SEER \/ SCOP, W\/W<\/td>\n<td>9.4 \/ 5.1<\/td>\n<\/tr>\n<tr>\n<td>Energijos efektyvumo klas\u0117 (v\u0117s. \/ \u0161ild.)<\/td>\n<td>A+++ \/ A+++<\/td>\n<\/tr>\n<tr>\n<td>Oro kiekis (maks.-min.), vidin\u0117 dalis, m\u00b3\/h<\/td>\n<td>820\/750\/700\/640\/600\/540\/500<\/td>\n<\/tr>\n<tr>\n<td>Triuk\u0161mo lygis (maks. \/ vid. \/ min.), vidin\u0117 dalis, dB(A)<\/td>\n<td>46\/42\/39\/36\/33\/30\/28<\/td>\n<\/tr>\n<tr>\n<td>Triuk\u0161mo lygis (maks. \/ vid. \/ min.), i\u0161orin\u0117 dalis, dB(A)<\/td>\n<td>53<\/td>\n<\/tr>\n<tr>\n<td>Matmenys (plotis x auk\u0161tis x gylis), vidin\u0117 dalis, mm<\/td>\n<td>909x305x209<\/td>\n<\/tr>\n<tr>\n<td>Matmenys (plotis x auk\u0161tis x gylis), i\u0161orin\u0117 dalis, mm<\/td>\n<td>853x602x349<\/td>\n<\/tr>\n<tr>\n<td>Svoris, vidin\u0117 \/ i\u0161orin\u0117 dalis, kg<\/td>\n<td>10.4 \/ 30<\/td>\n<\/tr>\n<tr>\n<td>Vamzd\u017ei\u0173 prijungimo skersmuo, skystis, coliai<\/td>\n<td>1 \/ 4<\/td>\n<\/tr>\n<tr>\n<td>Vamzd\u017ei\u0173 prijungimo skersmuo, dujos, coliai<\/td>\n<td>3 \/ 8<\/td>\n<\/tr>\n<tr>\n<td>Min. \/ maks. vamzdyno ilgis, m<\/td>\n<td>3 \/ 25<\/td>\n<\/tr>\n<tr>\n<td>Maksimalus auk\u0161\u010di\u0173 skirtumas, m<\/td>\n<td>10<\/td>\n<\/tr>\n<tr>\n<td>Darbin\u0117s temperat\u016bros ribos (min. \/ maks.), v\u0117sinimas, \u2070C<\/td>\n<td>\u201315~53<\/td>\n<\/tr>\n<tr>\n<td>Darbin\u0117s temperat\u016bros ribos (min. \/ maks.), \u0161ildymas, \u2070C<\/td>\n<td>\u201330~30<\/td>\n<\/tr>\n<tr>\n<td>Freonas<\/td>\n<td>R32<\/td>\n<\/tr>\n<tr>\n<td>Freono kiekis \/ papildymas nuo, kg\/m<\/td>\n<td>0.85 \/ 5<\/td>\n<\/tr>\n<tr>\n<td>Freono papildymo kiekis, g\/m<\/td>\n<td>15<\/td>\n<\/tr>\n<tr>\n<td>Elektros tiekimas \/ privedamas prie dalies, V-Ph-Hz<\/td>\n<td>220-1-50 \/ i\u0161orin\u0117s<\/td>\n<\/tr>\n<tr>\n<td>Laidas tarp vidin\u0117s ir i\u0161orin\u0117s dali\u0173, \u00d8mm\u00b2<\/td>\n<td>4\u00d70.75<\/td>\n<\/tr>\n<tr>\n<td>\u012evado laidas, \u00d8mm\u00b2<\/td>\n<td>3\u00d71.5<\/td>\n<\/tr>\n<\/tbody>\n<\/table>","protected":false},"excerpt":{"rendered":"<table class=\"woocommerce-product-attributes shop_attributes\" aria-label=\"Product Details\">\n<tbody>\n<tr class=\"woocommerce-product-attributes-item woocommerce-product-attributes-item--attribute_pa_energijos-klase\">\n<th class=\"woocommerce-product-attributes-item__label\" scope=\"row\"><span class=\"wd-attr-name\"><span class=\"wd-attr-name-label\">Energijos klas\u0117<\/span><\/span><\/th>\n<td class=\"woocommerce-product-attributes-item__value\">A+++\/A+++<\/td>\n<\/tr>\n<tr class=\"woocommerce-product-attributes-item woocommerce-product-attributes-item--attribute_pa_patalpoms-iki\">\n<th class=\"woocommerce-product-attributes-item__label\" scope=\"row\"><span class=\"wd-attr-name\"><span class=\"wd-attr-name-label\">Patalpoms iki (\u33a1)<\/span><\/span><\/th>\n<td class=\"woocommerce-product-attributes-item__value\">40<\/td>\n<\/tr>\n<tr class=\"woocommerce-product-attributes-item woocommerce-product-attributes-item--attribute_pa_wifi-valdymas\">\n<th class=\"woocommerce-product-attributes-item__label\" scope=\"row\"><span class=\"wd-attr-name\"><span class=\"wd-attr-name-label\">WiFi valdymas<\/span><\/span><\/th>\n<td class=\"woocommerce-product-attributes-item__value\">Taip<\/td>\n<\/tr>\n<tr class=\"woocommerce-product-attributes-item woocommerce-product-attributes-item--attribute_pa_nominali-galia\">\n<th class=\"woocommerce-product-attributes-item__label\" scope=\"row\"><span class=\"wd-attr-name\"><span class=\"wd-attr-name-label\">Nominali galia<\/span><\/span><\/th>\n<td class=\"woocommerce-product-attributes-item__value\">3.58\/3.90 kW<\/td>\n<\/tr>\n<tr class=\"woocommerce-product-attributes-item woocommerce-product-attributes-item--attribute_pa_spalva\">\n<th class=\"woocommerce-product-attributes-item__label\" scope=\"row\"><span class=\"wd-attr-name\"><span class=\"wd-attr-name-label\">Prek\u0117s spalva<\/span><\/span><\/th>\n<td class=\"woocommerce-product-attributes-item__value\">Juoda<\/td>\n<\/tr>\n<\/tbody>\n<\/table>\n<div class=\"kiti_galingumai\"><\/div>\n<div class=\"related-product-buttons\"><\/div>","protected":false},"featured_media":8049,"template":"","meta":{"om_disable_all_campaigns":false,"_monsterinsights_skip_tracking":false,"_monsterinsights_sitenote_active":false,"_monsterinsights_sitenote_note":"","_monsterinsights_sitenote_category":0},"product_brand":[761],"product_cat":[103],"product_tag":[909,912,908,910,911],"class_list":{"0":"post-8052","1":"product","2":"type-product","3":"status-publish","4":"has-post-thumbnail","6":"product_brand-nordis","7":"product_cat-oro-kondicionieriai-oras-oras","8":"product_tag-nordis-galaxy","9":"product_tag-nordis-galaxy-oro-kondicionierius-silumos-siurblys-oras-oras-g12tc1-3-6kw","10":"product_tag-nordis-oras-oras","11":"product_tag-nordis-oro-kondicionierius","12":"product_tag-nordis-silumos-siurblys-oras-oras","13":"pa_galingumas-3-6","15":"first","16":"instock","17":"sale","18":"purchasable","19":"product-type-simple"},"aioseo_notices":[],"_links":{"self":[{"href":"https:\/\/izopaga.lt\/en\/wp-json\/wp\/v2\/product\/8052","targetHints":{"allow":["GET"]}}],"collection":[{"href":"https:\/\/izopaga.lt\/en\/wp-json\/wp\/v2\/product"}],"about":[{"href":"https:\/\/izopaga.lt\/en\/wp-json\/wp\/v2\/types\/product"}],"wp:featuredmedia":[{"embeddable":true,"href":"https:\/\/izopaga.lt\/en\/wp-json\/wp\/v2\/media\/8049"}],"wp:attachment":[{"href":"https:\/\/izopaga.lt\/en\/wp-json\/wp\/v2\/media?parent=8052"}],"wp:term":[{"taxonomy":"product_brand","embeddable":true,"href":"https:\/\/izopaga.lt\/en\/wp-json\/wp\/v2\/product_brand?post=8052"},{"taxonomy":"product_cat","embeddable":true,"href":"https:\/\/izopaga.lt\/en\/wp-json\/wp\/v2\/product_cat?post=8052"},{"taxonomy":"product_tag","embeddable":true,"href":"https:\/\/izopaga.lt\/en\/wp-json\/wp\/v2\/product_tag?post=8052"}],"curies":[{"name":"wp","href":"https:\/\/api.w.org\/{rel}","templated":true}]}}